{"id":5152,"date":"2018-05-22T18:20:01","date_gmt":"2018-05-22T18:20:01","guid":{"rendered":"https:\/\/psychology-coaching.com\/politica-de-privacidad\/"},"modified":"2018-05-22T18:20:01","modified_gmt":"2018-05-22T18:20:01","slug":"politica-de-privacidad","status":"publish","type":"page","link":"https:\/\/psychology-coaching.com\/en\/politica-de-privacidad\/","title":{"rendered":"Pol\u00edtica de privacidad"},"content":{"rendered":"<p align=\"justify\"><span style=\"color: #262626;\"><span style=\"font-family: Arial, serif;\"><span style=\"font-size: medium;\">Por favor, lee detenidamente esta Pol\u00edtica de Privacidad, pues, si la aceptas, estar\u00e1s dando tu consentimiento para que podamos utilizar tus datos con la finalidad de contactarte para los servicios de <\/span><\/span><\/span><span style=\"color: #262626;\"><span style=\"font-family: Arial, serif;\"><span style=\"font-size: medium;\"><b>Psychology-Coaching<\/b><\/span><\/span><\/span><span style=\"color: #262626;\"><span style=\"font-family: Arial, serif;\"><span style=\"font-size: medium;\">. Para cualquier duda envi\u00e1ndonos un correo electr\u00f3nico a la direcci\u00f3n<\/span><\/span><\/span> <span style=\"color: #0563c1;\"><u><a href=\"mailto:joancornet@psychology-coaching.com\">joancornet@psychology-coaching.com<\/a><\/u><\/span><\/p>\n<p align=\"justify\"><span style=\"color: #262626;\"><span style=\"font-family: Arial, serif;\"><span style=\"font-size: medium;\">Dicho esto, te encuentras en la web <\/span><\/span><\/span>www.psychology-coaching.com<span style=\"color: #262626;\"><span style=\"font-family: Arial, serif;\"><span style=\"font-size: medium;\">(en adelante \u201cla web\u201d), titularidad de Joan Cornet Prat con el NIF 39296033 G<\/span><\/span><\/span><\/p>\n<p align=\"justify\"><span style=\"color: #262626;\"><span style=\"font-family: Arial, serif;\"><span style=\"font-size: medium;\">La presente pol\u00edtica de privacidad se extiende a todos los servicios alojados en la web as\u00ed como a las p\u00e1ginas que, ahora o en el futuro, se desplieguen fruto de tu navegaci\u00f3n por la misma o deriven de ella, salvo aquellas que redirijan a p\u00e1ginas web espec\u00edficas, que se regir\u00e1n por sus respectivas pol\u00edticas de privacidad.<\/span><\/span><\/span><\/p>\n<p align=\"justify\"><span style=\"color: #262626;\">\u00a0<\/span><\/p>\n<p align=\"justify\"><a name=\"_GoBack\"><\/a> <span style=\"color: #262626;\"><span style=\"font-family: Arial, serif;\"><span style=\"font-size: medium;\">El uso de esta web te hace \u201cusuario\u201d de ella, lo que significa que podemos contactarte para conocer tu inter\u00e9s en los servicios de coaching exclusivamente, y en ning\u00fan caso te mandaremos newsletters o informaci\u00f3n acerca de nuestros servicios.<\/span><\/span><\/span><\/p>\n<p align=\"justify\"><span style=\"color: #262626;\"><span style=\"font-family: Arial, serif;\"><span style=\"font-size: medium;\">Los servicios de esta web solo se prestan durante el tiempo que est\u00e1s conectado a la web o a aquellas p\u00e1ginas que prestan dichos servicios. Por lo tanto, debes leer detenidamente la presente Pol\u00edtica de Privacidad cada vez que accedes a la web porque, si la aceptas, nos das tu consentimiento para que podamos realizar cambios directamente en la Pol\u00edtica de Privacidad y en los T\u00e9rminos de Uso sin necesidad de consult\u00e1rtelo. En cualquier caso, procuraremos mantenerte informado de cualquier modificaci\u00f3n que llevemos a cabo con respecto a esta Pol\u00edtica de Privacidad y los T\u00e9rminos de Uso para preservar los derechos que te corresponden como usuario, adem\u00e1s de que puedes acceder a la web siempre que quieras para comprobar si se han hecho cambios o no tanto en la Pol\u00edtica de Privacidad como en los T\u00e9rminos de Uso.<\/span><\/span><\/span><\/p>\n<p align=\"justify\"><span style=\"color: #262626;\"><span style=\"font-family: Arial, serif;\"><span style=\"font-size: medium;\">Proteger tu privacidad y los derechos que de ella se derivan es de vital importancia para nosotros y para ti. Por ello, el hecho de acceder a nuestra web no significa que tengas que facilitarnos cualquier informaci\u00f3n. Adem\u00e1s, en el caso que decidieras facilitarnos datos de car\u00e1cter personal a trav\u00e9s de la web, dichos datos ser\u00e1n utilizados (o tratados) seg\u00fan los principios y con las restricciones establecidas en la Ley Org\u00e1nica 15\/1999, de 13 de diciembre, de Protecci\u00f3n de Datos de Car\u00e1cter Personal (en adelante, la \u201cLOPD\u201d) y el Real Decreto 1720\/2007, de 21 de diciembre, por el que se aprueba el Reglamento de la Ley en cuesti\u00f3n (en adelante, el \u201cRLOPD\u201d)<\/span><\/span><\/span><\/p>\n<p align=\"justify\"><span style=\"color: #262626;\"><span style=\"font-family: Arial, serif;\"><span style=\"font-size: medium;\">La presente Pol\u00edtica de Privacidad te ayudar\u00e1 a familiarizarte con el tipo de datos que recabamos, para qu\u00e9 finalidades los tratamos, cu\u00e1les son tus derechos y obligaciones con respecto a la web y c\u00f3mo mantenemos estos datos fuera del alcance de terceros no autorizados.<\/span><\/span><\/span><\/p>\n<p align=\"justify\"><span style=\"color: #262626;\"><span style=\"font-family: Arial, serif;\"><span style=\"font-size: small;\"><i><b>Tipo de datos que recabamos<\/b><\/i><\/span><\/span><\/span><\/p>\n<p align=\"justify\"><span style=\"color: #262626;\"><span style=\"font-family: Arial, serif;\"><span style=\"font-size: medium;\">A trav\u00e9s de la web \u00fanicamente te pedimos tu correo electr\u00f3nico para poder contactarte y tratar tus datos conforme a las finalidades descritas en el punto siguiente.<\/span><\/span><\/span><\/p>\n<p align=\"justify\"><span style=\"color: #262626;\"><span style=\"font-family: Arial, serif;\"><span style=\"font-size: medium;\">No te pedimos datos que tengan la consideraci\u00f3n de datos sensibles al amparo de la normativa vigente.<\/span><\/span><\/span><\/p>\n<p align=\"justify\"><span style=\"color: #262626;\"><span style=\"font-family: Arial, serif;\"><span style=\"font-size: small;\"><i><b>Finalidades para las que recabamos tus datos<\/b><\/i><\/span><\/span><\/span><\/p>\n<p align=\"justify\"><span style=\"color: #262626;\"><span style=\"font-family: Arial, serif;\"><span style=\"font-size: medium;\">Como te hemos, mediante esta web podemos obtener tus datos a con la finalidad de poder contactar contigo, responder a las preguntas o sugerencias que nos dirijas <\/span><\/span><\/span><\/p>\n<p align=\"justify\"><span style=\"color: #262626;\"><span style=\"font-family: Arial, serif;\"><span style=\"font-size: medium;\">Tus datos ser\u00e1n incluidos en un fichero llamado \u201cContactos\u201d (en adelante, \u201cel Fichero\u201d), debidamente inscrito en la Agencia Espa\u00f1ola de Protecci\u00f3n de Datos y respecto del que hemos implantado las debidas medidas de seguridad al amparo de previsto en la LOPD y el RLOPD. El prop\u00f3sito de almacenar tus datos responde a la necesidad de gestionar nuestra relaci\u00f3n contigo, informarte de nuestras actividades, iniciativas o programas, as\u00ed como responder a tus preguntas, dudas o sugerencias, remitirte comunicaciones comerciales por medios electr\u00f3nicos, valorar acciones de mejora y, en definitiva, ofrecerte un servicio de calidad.<\/span><\/span><\/span><\/p>\n<p align=\"justify\"><span style=\"color: #262626;\"><span style=\"font-family: Arial, serif;\"><span style=\"font-size: medium;\">As\u00ed pues, mediante la facilitaci\u00f3n de tus datos, nos das tu consentimiento para que almacenemos tus datos en dicho fichero.<\/span><\/span><\/span><\/p>\n<p align=\"justify\"><span style=\"color: #262626;\"><span style=\"font-family: Arial, serif;\"><span style=\"font-size: medium;\">Volvemos a recordarte que en cualquier momento puedes revocar tu consentimiento para el tratamiento de tus datos respecto de las finalidades anteriormente mencionadas mediante correo electr\u00f3nico a la direcci\u00f3n\u00a0<\/span><\/span><\/span><span style=\"color: #0563c1;\"><u><a href=\"mailto:joancornet@psychology-coaching.com\">joancornet@psychology-coaching.com<\/a> <\/u><\/span><\/p>\n<p align=\"justify\"><span style=\"color: #262626;\"><span style=\"font-family: Arial, serif;\"><span style=\"font-size: small;\"><i><b>Uso de cookies<\/b><\/i><\/span><\/span><\/span><\/p>\n<p align=\"justify\"><span style=\"color: #262626;\"><span style=\"font-family: Arial, serif;\"><span style=\"font-size: medium;\">Debes saber que podemos utilizar cookies en la prestaci\u00f3n de nuestros servicios. Las cookies son procesos de captura autom\u00e1tica de datos que tienen en cuenta tus preferencias cuando navegas por la web. Esta informaci\u00f3n se almacena en unos ficheros muy peque\u00f1os que est\u00e1n alojados en tu dispositivo, intr\u00ednsecamente asociados a \u00e9l y que son imperceptibles salvo que los busques expresamente. Cada vez que vuelves a la web estos procesos de captura de datos se activan de forma autom\u00e1tica y la web te presenta la informaci\u00f3n a medida de las preferencias que has indicado en visitas anteriores.<\/span><\/span><\/span><\/p>\n<p align=\"justify\"><span style=\"color: #262626;\"><span style=\"font-family: Arial, serif;\"><span style=\"font-size: medium;\">Las cookies no pueden leer los procesos de captura de otros datos que hayan creado proveedores distintos de los nuestros.<\/span><\/span><\/span><\/p>\n<p align=\"justify\"><span style=\"color: #262626;\"><span style=\"font-family: Arial, serif;\"><span style=\"font-size: medium;\">Dicho esto, la web utiliza cookies de origen para el seguimiento de las visitas de nuestros usuarios. Para ser m\u00e1s exactos, nuestra web utiliza cookies de Google Analytics, configuradas expresamente para nuestras p\u00e1ginas web, con el fin de mejorar los servicios que ofrecemos y para proporcionarte un acceso m\u00e1s r\u00e1pido y c\u00f3modo. Dichas cookies tambi\u00e9n se aplican con fines estad\u00edsticos agregados y anonimizados, estimar el n\u00famero de visitas, detectar palabras clave que dirigen a otra p\u00e1gina web o analizar cuestiones que surjan con motivo de tu navegaci\u00f3n.<\/span><\/span><\/span><\/p>\n<p align=\"justify\"><span style=\"color: #262626;\"><span style=\"font-family: Arial, serif;\"><span style=\"font-size: medium;\">No utilizamos cookies de publicidad de terceros, es decir, cookies alojadas en un dominio distinto del de nuestra web.<\/span><\/span><\/span><\/p>\n<p align=\"justify\"><span style=\"color: #262626;\"><span style=\"font-family: Arial, serif;\"><span style=\"font-size: medium;\">En cualquier caso, la web es accesible sin tener que activar cookies, aunque el hecho de desactivar esta opci\u00f3n puede afectar a determinadas funcionalidades de la web o al modo en que visualizas la informaci\u00f3n. Puedes ajustar la configuraci\u00f3n de tu navegador para evitar la creaci\u00f3n de cookies o recibir un aviso cuando esto ocurra.<\/span><\/span><\/span><\/p>\n<p align=\"justify\"><span style=\"color: #262626;\"><span style=\"font-family: Arial, serif;\"><span style=\"font-size: medium;\">Este enlace te explica como puedes controlar las cookies a trav\u00e9s de tu navegador. Recuerda que si desactivas las cookies debes tener en cuenta estas previsiones:<\/span><\/span><\/span><\/p>\n<ul>\n<li>\n<p align=\"justify\"><span style=\"color: #262626;\"><span style=\"font-family: Arial, serif;\"><span style=\"font-size: medium;\">Internet Explorer:\u00a0<\/span><\/span><\/span><span style=\"color: #0563c1;\"><u><a href=\"http:\/\/support.microsoft.com\/kb\/278835\"><span style=\"font-family: Arial, serif;\"><span style=\"font-size: medium;\">http:\/\/support.microsoft.com\/kb\/278835<\/span><\/span><\/a><\/u><\/span><span style=\"color: #262626;\"><span style=\"font-family: Arial, serif;\"><span style=\"font-size: medium;\"> (en esta p\u00e1gina tendr\u00e1s m\u00e1s informaci\u00f3n para distintas versiones de Internet Explorer \u2013 la version m\u00f3bil es\u00a0\u00a0<\/span><\/span><\/span><span style=\"color: #0563c1;\"><u><a><span style=\"font-family: Arial, serif;\"><span style=\"font-size: medium;\">http:\/www.microsoft.com\/windowsphone\/en-us\/howto\/wp7\/web\/changing-privacy-and-other-browser-settings.aspx<\/span><\/span><\/a><\/u><\/span><\/p>\n<\/li>\n<\/ul>\n<ul>\n<li>\n<p align=\"justify\"><span style=\"color: #262626;\"><span style=\"font-family: Arial, serif;\"><span style=\"font-size: medium;\">Chrome:\u00a0<\/span><\/span><\/span><span style=\"color: #0563c1;\"><u><a href=\"http:\/\/support.google.com\/chrome\/bin\/answer.py?hl=en-GB&amp;answer=95647\"><span style=\"font-family: Arial, serif;\"><span style=\"font-size: medium;\">http:\/\/support.google.com\/chrome\/bin\/answer.py?hl=en-GB&amp;answer=95647<\/span><\/span><\/a><\/u><\/span><\/p>\n<\/li>\n<\/ul>\n<ul>\n<li>\n<p align=\"justify\"><span style=\"color: #262626;\"><span style=\"font-family: Arial, serif;\"><span style=\"font-size: medium;\">Safari:\u00a0<\/span><\/span><\/span><span style=\"color: #0563c1;\"><u><a href=\"http:\/\/docs.info.apple.com\/article.html?path=Safari\/5.0\/en\/9277.html\"><span style=\"font-family: Arial, serif;\"><span style=\"font-size: medium;\">http:\/\/docs.info.apple.com\/article.html?path=Safari\/5.0\/en\/9277.html<\/span><\/span><\/a><\/u><\/span><span style=\"color: #262626;\"><span style=\"font-family: Arial, serif;\"><span style=\"font-size: medium;\"> (o\u00a0<\/span><\/span><\/span><span style=\"color: #0563c1;\"><u><a href=\"http:\/\/support.apple.com\/kb\/HT1677\"><span style=\"font-family: Arial, serif;\"><span style=\"font-size: medium;\">http:\/\/support.apple.com\/kb\/HT1677<\/span><\/span><\/a><\/u><\/span><span style=\"color: #262626;\"><span style=\"font-family: Arial, serif;\"><span style=\"font-size: medium;\"> \u00a0para versi\u00f3n m\u00f3vil)<\/span><\/span><\/span><\/p>\n<\/li>\n<\/ul>\n<ul>\n<li>\n<p align=\"justify\"><span style=\"color: #262626;\"><span style=\"font-family: Arial, serif;\"><span style=\"font-size: medium;\">Firefox:\u00a0<\/span><\/span><\/span><span style=\"color: #0563c1;\"><u><a href=\"http:\/\/support.mozilla.org\/en-US\/kb\/Enabling%20and%20disabling%20cookies\"><span style=\"font-family: Arial, serif;\"><span style=\"font-size: medium;\">http:\/\/support.mozilla.org\/en-US\/kb\/Enabling%20and%20disabling%20cookies<\/span><\/span><\/a><\/u><\/span><\/p>\n<\/li>\n<\/ul>\n<ul>\n<li>\n<p align=\"justify\"><span style=\"color: #262626;\"><span style=\"font-family: Arial, serif;\"><span style=\"font-size: medium;\">Blackberries:\u00a0<\/span><\/span><\/span><span style=\"color: #0563c1;\"><u><a href=\"http:\/\/docs.blackberry.com\/en\/smartphone_users\/deliverables\/32004\/Turn_off_cookies_in_the_browser_60_1072866_11.jsp\"><span style=\"font-family: Arial, serif;\"><span style=\"font-size: medium;\">http:\/\/docs.blackberry.com\/en\/smartphone_users\/deliverables\/32004\/Turn_off_cookies_in_the_browser_60_1072866_11.jsp<\/span><\/span><\/a><\/u><\/span><\/p>\n<\/li>\n<\/ul>\n<ul>\n<li>\n<p align=\"justify\"><span style=\"color: #262626;\"><span style=\"font-family: Arial, serif;\"><span style=\"font-size: medium;\">Android:\u00a0<\/span><\/span><\/span><span style=\"color: #0563c1;\"><u><a href=\"http:\/\/support.google.com\/mobile\/bin\/answer.py?hl=en&amp;answer=169022\"><span style=\"font-family: Arial, serif;\"><span style=\"font-size: medium;\">http:\/\/support.google.com\/mobile\/bin\/answer.py?hl=en&amp;answer=169022<\/span><\/span><\/a><\/u><\/span><\/p>\n<\/li>\n<\/ul>\n<ul>\n<li>\n<p align=\"justify\"><span style=\"color: #262626;\"><span style=\"font-family: Arial, serif;\"><span style=\"font-size: medium;\">Opera:\u00a0<\/span><\/span><\/span><span style=\"color: #0563c1;\"><u><a href=\"http:\/\/www.opera.com\/browser\/tutorials\/security\/privacy\/\"><span style=\"font-family: Arial, serif;\"><span style=\"font-size: medium;\">http:\/\/www.opera.com\/browser\/tutorials\/security\/privacy\/<\/span><\/span><\/a><\/u><\/span><\/p>\n<\/li>\n<\/ul>\n<p align=\"justify\"><span style=\"color: #262626;\"><span style=\"font-family: Arial, serif;\"><span style=\"font-size: small;\"><i><b>Tus derechos como usuario<\/b><\/i><\/span><\/span><\/span><\/p>\n<p align=\"justify\"><span style=\"color: #262626;\"><span style=\"font-family: Arial, serif;\"><span style=\"font-size: medium;\">Como usuario te asisten los llamados \u201cDerechos ARCO\u201d, es decir, los derechos de\u00a0acceso,\u00a0rectificaci\u00f3n,\u00a0cancelaci\u00f3n y\u00a0oposici\u00f3n de tus datos, de forma que en cualquier momento puedes ejercer tu derecho de acceso a los datos incluidos en nuestros ficheros y puedes rectificarlos si son incorrectos o est\u00e1n desactualizados, cancelarlos u oponerte a su tratamiento<\/span><\/span><\/span><\/p>\n<p align=\"justify\"><span style=\"color: #262626;\"><span style=\"font-family: Arial, serif;\"><span style=\"font-size: medium;\">En particular, puedes ejercer tus derechos ARCO mediante el env\u00edo de un correo electr\u00f3nico a la direcci\u00f3n\u00a0<\/span><\/span><\/span><span style=\"color: #0563c1;\"><u><a href=\"mailto:joancornet@psychology-coaching.com\">joancornet@psychology-coaching.com<\/a><\/u><\/span> <span style=\"color: #262626;\"><span style=\"font-family: Arial, serif;\"><span style=\"font-size: medium;\"><span lang=\"es-ES\">indicando en el asunto \u201cDerechos ARCO\u201d<\/span><\/span><\/span><\/span><\/p>\n<p align=\"justify\"><span style=\"color: #262626;\"><span style=\"font-family: Arial, serif;\"><span style=\"font-size: medium;\">Recuerda que debes identificarte debidamente, es decir, deber\u00e1s aportar una copia de tu Documento Nacional de Identidad o Pasaporte en vigor.<\/span><\/span><\/span><\/p>\n<p align=\"justify\"><span style=\"color: #262626;\"><span style=\"font-family: Arial, serif;\"><span style=\"font-size: medium;\">Puedes solicitar y obtener sin coste alguno informaci\u00f3n acerca del tratamiento de tus datos, su origen y las comunicaciones que afectan a dichos datos.<\/span><\/span><\/span><\/p>\n<p align=\"justify\"><span style=\"color: #262626;\"><span style=\"font-family: Arial, serif;\"><span style=\"font-size: medium;\">Como es l\u00f3gico, nos exoneras de cualquier responsabilidad en caso de que el ejercicio de tus derechos ARCO se haga desde la direcci\u00f3n de correo electr\u00f3nico que consta en nuestros ficheros y siempre que se adjunte el Documento Nacional de Identidad o Pasaporte en vigor que acredite la identidad del solicitante.<\/span><\/span><\/span><\/p>\n<p align=\"justify\"><span style=\"color: #262626;\"><span style=\"font-family: Arial, serif;\"><span style=\"font-size: medium;\">La rectificaci\u00f3n o cancelaci\u00f3n de tus datos tendr\u00e1 lugar en un plazo no superior a diez (10) d\u00edas h\u00e1biles desde la fecha de tu solicitud. La cancelaci\u00f3n dar\u00e1 lugar al bloqueo de los datos, conserv\u00e1ndose \u00fanicamente a disposici\u00f3n de las Administraciones P\u00fablicas, Jueces y Tribunales, para la atenci\u00f3n de las posibles responsabilidades nacidas del tratamiento, durante el plazo de prescripci\u00f3n de \u00e9stas, transcurrido el cual deber\u00e1 procederse a la cancelaci\u00f3n.<\/span><\/span><\/span><\/p>\n<p align=\"justify\"><span style=\"color: #262626;\"><span style=\"font-family: Arial, serif;\"><span style=\"font-size: medium;\">Aceptamos nuestra responsabilidad y te garantizamos que cumplimos con el deber de secreto de los datos que nos facilites.<\/span><\/span><\/span><\/p>\n<p align=\"justify\"><span style=\"color: #262626;\"><span style=\"font-family: Arial, serif;\"><span style=\"font-size: small;\"><i><b>Fin del tratamiento de tus datos<\/b><\/i><\/span><\/span><\/span><\/p>\n<p align=\"justify\"><span style=\"color: #262626;\"><span style=\"font-family: Arial, serif;\"><span style=\"font-size: medium;\">Si, por cualquier motivo, dejamos de prestarte nuestros servicios en la web, todos los datos ser\u00e1n destruidos con el fin de mantener la seguridad de los mismos.<\/span><\/span><\/span><\/p>\n<p align=\"justify\"><span style=\"color: #262626;\"><span style=\"font-family: Arial, serif;\"><span style=\"font-size: small;\"><i><b>Legislaci\u00f3n aplicable y jurisdicci\u00f3n<\/b><\/i><\/span><\/span><\/span><\/p>\n<p align=\"justify\"><span style=\"color: #262626;\"><span style=\"font-family: Arial, serif;\"><span style=\"font-size: medium;\">La presente Pol\u00edtica de Privacidad se rige por la legislaci\u00f3n espa\u00f1ola.<\/span><\/span><\/span><\/p>\n<p align=\"justify\"><span style=\"color: #262626;\"><span style=\"font-family: Arial, serif;\"><span style=\"font-size: medium;\">Cualquier controversia derivada de cuestiones referentes a la web y al contenido de esta Pol\u00edtica de Privacidad ser\u00e1 sometida a la competencia y jurisdicci\u00f3n exclusiva de los Tribunales de la ciudad de Barcelona.<\/span><\/span><\/span><\/p>\n","protected":false},"excerpt":{"rendered":"<p>Por favor, lee detenidamente esta Pol\u00edtica de Privacidad, pues, si la aceptas, estar\u00e1s dando tu consentimiento para que podamos utilizar tus datos con la finalidad de contactarte para los servicios&#8230;<\/p>\n","protected":false},"author":1,"featured_media":0,"parent":0,"menu_order":0,"comment_status":"closed","ping_status":"closed","template":"","meta":[],"yoast_head":"<!-- This site is optimized with the Yoast SEO plugin v17.8 - https:\/\/yoast.com\/wordpress\/plugins\/seo\/ -->\n<title>Pol\u00edtica de privacidad - Psychology Coaching<\/title>\n<meta name=\"robots\" content=\"index, follow, max-snippet:-1, max-image-preview:large, max-video-preview:-1\" \/>\n<link rel=\"canonical\" href=\"https:\/\/psychology-coaching.com\/en\/politica-de-privacidad\/\" \/>\n<meta property=\"og:locale\" content=\"en_US\" \/>\n<meta property=\"og:type\" content=\"article\" \/>\n<meta property=\"og:title\" content=\"Pol\u00edtica de privacidad - Psychology Coaching\" \/>\n<meta property=\"og:description\" content=\"Por favor, lee detenidamente esta Pol\u00edtica de Privacidad, pues, si la aceptas, estar\u00e1s dando tu consentimiento para que podamos utilizar tus datos con la finalidad de contactarte para los servicios...\" \/>\n<meta property=\"og:url\" content=\"https:\/\/psychology-coaching.com\/en\/politica-de-privacidad\/\" \/>\n<meta property=\"og:site_name\" content=\"Psychology Coaching\" \/>\n<meta name=\"twitter:card\" content=\"summary_large_image\" \/>\n<meta name=\"twitter:label1\" content=\"Est. reading time\" \/>\n\t<meta name=\"twitter:data1\" content=\"8 minutes\" \/>\n<script type=\"application\/ld+json\" class=\"yoast-schema-graph\">{\"@context\":\"https:\/\/schema.org\",\"@graph\":[{\"@type\":\"WebSite\",\"@id\":\"https:\/\/psychology-coaching.com\/#website\",\"url\":\"https:\/\/psychology-coaching.com\/\",\"name\":\"Psychology Coaching\",\"description\":\"La psicologia del Coaching \\u00e9s l\\u2019aplicaci\\u00f3 sistem\\u00e0tica de les Ci\\u00e8ncies del Comportament, que es centren  en la millora de l\\u2019experi\\u00e8ncia vital, el rendiment del treball i el benestar per a individus, grups i organitzacions\",\"potentialAction\":[{\"@type\":\"SearchAction\",\"target\":{\"@type\":\"EntryPoint\",\"urlTemplate\":\"https:\/\/psychology-coaching.com\/?s={search_term_string}\"},\"query-input\":\"required name=search_term_string\"}],\"inLanguage\":\"en-US\"},{\"@type\":\"WebPage\",\"@id\":\"https:\/\/psychology-coaching.com\/en\/politica-de-privacidad\/#webpage\",\"url\":\"https:\/\/psychology-coaching.com\/en\/politica-de-privacidad\/\",\"name\":\"Pol\\u00edtica de privacidad - Psychology Coaching\",\"isPartOf\":{\"@id\":\"https:\/\/psychology-coaching.com\/#website\"},\"datePublished\":\"2018-05-22T18:20:01+00:00\",\"dateModified\":\"2018-05-22T18:20:01+00:00\",\"breadcrumb\":{\"@id\":\"https:\/\/psychology-coaching.com\/en\/politica-de-privacidad\/#breadcrumb\"},\"inLanguage\":\"en-US\",\"potentialAction\":[{\"@type\":\"ReadAction\",\"target\":[\"https:\/\/psychology-coaching.com\/en\/politica-de-privacidad\/\"]}]},{\"@type\":\"BreadcrumbList\",\"@id\":\"https:\/\/psychology-coaching.com\/en\/politica-de-privacidad\/#breadcrumb\",\"itemListElement\":[{\"@type\":\"ListItem\",\"position\":1,\"name\":\"Portada\",\"item\":\"https:\/\/psychology-coaching.com\/en\/\"},{\"@type\":\"ListItem\",\"position\":2,\"name\":\"Pol\\u00edtica de privacidad\"}]}]}<\/script>\n<!-- \/ Yoast SEO plugin. -->","yoast_head_json":{"title":"Pol\u00edtica de privacidad - Psychology Coaching","robots":{"index":"index","follow":"follow","max-snippet":"max-snippet:-1","max-image-preview":"max-image-preview:large","max-video-preview":"max-video-preview:-1"},"canonical":"https:\/\/psychology-coaching.com\/en\/politica-de-privacidad\/","og_locale":"en_US","og_type":"article","og_title":"Pol\u00edtica de privacidad - Psychology Coaching","og_description":"Por favor, lee detenidamente esta Pol\u00edtica de Privacidad, pues, si la aceptas, estar\u00e1s dando tu consentimiento para que podamos utilizar tus datos con la finalidad de contactarte para los servicios...","og_url":"https:\/\/psychology-coaching.com\/en\/politica-de-privacidad\/","og_site_name":"Psychology Coaching","twitter_card":"summary_large_image","twitter_misc":{"Est. reading time":"8 minutes"},"schema":{"@context":"https:\/\/schema.org","@graph":[{"@type":"WebSite","@id":"https:\/\/psychology-coaching.com\/#website","url":"https:\/\/psychology-coaching.com\/","name":"Psychology Coaching","description":"La psicologia del Coaching \u00e9s l\u2019aplicaci\u00f3 sistem\u00e0tica de les Ci\u00e8ncies del Comportament, que es centren  en la millora de l\u2019experi\u00e8ncia vital, el rendiment del treball i el benestar per a individus, grups i organitzacions","potentialAction":[{"@type":"SearchAction","target":{"@type":"EntryPoint","urlTemplate":"https:\/\/psychology-coaching.com\/?s={search_term_string}"},"query-input":"required name=search_term_string"}],"inLanguage":"en-US"},{"@type":"WebPage","@id":"https:\/\/psychology-coaching.com\/en\/politica-de-privacidad\/#webpage","url":"https:\/\/psychology-coaching.com\/en\/politica-de-privacidad\/","name":"Pol\u00edtica de privacidad - Psychology Coaching","isPartOf":{"@id":"https:\/\/psychology-coaching.com\/#website"},"datePublished":"2018-05-22T18:20:01+00:00","dateModified":"2018-05-22T18:20:01+00:00","breadcrumb":{"@id":"https:\/\/psychology-coaching.com\/en\/politica-de-privacidad\/#breadcrumb"},"inLanguage":"en-US","potentialAction":[{"@type":"ReadAction","target":["https:\/\/psychology-coaching.com\/en\/politica-de-privacidad\/"]}]},{"@type":"BreadcrumbList","@id":"https:\/\/psychology-coaching.com\/en\/politica-de-privacidad\/#breadcrumb","itemListElement":[{"@type":"ListItem","position":1,"name":"Portada","item":"https:\/\/psychology-coaching.com\/en\/"},{"@type":"ListItem","position":2,"name":"Pol\u00edtica de privacidad"}]}]}},"_links":{"self":[{"href":"https:\/\/psychology-coaching.com\/en\/wp-json\/wp\/v2\/pages\/5152"}],"collection":[{"href":"https:\/\/psychology-coaching.com\/en\/wp-json\/wp\/v2\/pages"}],"about":[{"href":"https:\/\/psychology-coaching.com\/en\/wp-json\/wp\/v2\/types\/page"}],"author":[{"embeddable":true,"href":"https:\/\/psychology-coaching.com\/en\/wp-json\/wp\/v2\/users\/1"}],"replies":[{"embeddable":true,"href":"https:\/\/psychology-coaching.com\/en\/wp-json\/wp\/v2\/comments?post=5152"}],"version-history":[{"count":0,"href":"https:\/\/psychology-coaching.com\/en\/wp-json\/wp\/v2\/pages\/5152\/revisions"}],"wp:attachment":[{"href":"https:\/\/psychology-coaching.com\/en\/wp-json\/wp\/v2\/media?parent=5152"}],"curies":[{"name":"wp","href":"https:\/\/api.w.org\/{rel}","templated":true}]}}